{"id":1322,"date":"2023-04-20T04:07:42","date_gmt":"2023-04-20T04:07:42","guid":{"rendered":"http:\/\/xehopdonglientinh247.com\/?page_id=1322"},"modified":"2025-08-20T21:50:03","modified_gmt":"2025-08-20T21:50:03","slug":"bang-gia-taxi-chung-toi","status":"publish","type":"page","link":"https:\/\/xehopdonglientinh247.com\/?page_id=1322","title":{"rendered":"B\u1ea2NG GI\u00c1 TAXI CH\u00daNG T\u00d4I"},"content":{"rendered":"<p><img loading=\"lazy\" decoding=\"async\" class=\"alignnone size-medium wp-image-1347 aligncenter\" src=\"http:\/\/xehopdonglientinh247.com\/wp-content\/uploads\/2025\/08\/bang-gia-112-655x400.png\" alt=\"\" width=\"655\" height=\"400\" srcset=\"https:\/\/xehopdonglientinh247.com\/wp-content\/uploads\/2025\/08\/bang-gia-112-655x400.png 655w, https:\/\/xehopdonglientinh247.com\/wp-content\/uploads\/2025\/08\/bang-gia-112.png 719w\" sizes=\"auto, (max-width: 655px) 100vw, 655px\" \/> <img loading=\"lazy\" decoding=\"async\" class=\"alignnone size-medium wp-image-1344 aligncenter\" src=\"http:\/\/xehopdonglientinh247.com\/wp-content\/uploads\/2025\/08\/bang-gia-116-654x400.png\" alt=\"\" width=\"654\" height=\"400\" srcset=\"https:\/\/xehopdonglientinh247.com\/wp-content\/uploads\/2025\/08\/bang-gia-116-654x400.png 654w, https:\/\/xehopdonglientinh247.com\/wp-content\/uploads\/2025\/08\/bang-gia-116.png 719w\" sizes=\"auto, (max-width: 654px) 100vw, 654px\" \/> <img loading=\"lazy\" decoding=\"async\" class=\"alignnone size-full wp-image-1343 aligncenter\" src=\"http:\/\/xehopdonglientinh247.com\/wp-content\/uploads\/2025\/08\/bang-gia-117.png\" alt=\"\" width=\"720\" height=\"357\" \/> <img loading=\"lazy\" decoding=\"async\" class=\"alignnone size-full wp-image-1342 aligncenter\" src=\"http:\/\/xehopdonglientinh247.com\/wp-content\/uploads\/2025\/08\/bang-gia-113.png\" alt=\"\" width=\"718\" height=\"368\" \/> <img loading=\"lazy\" decoding=\"async\" class=\"alignnone size-full wp-image-1341 aligncenter\" src=\"http:\/\/xehopdonglientinh247.com\/wp-content\/uploads\/2025\/08\/bang-gia-115.png\" alt=\"\" width=\"720\" height=\"395\" \/> <img loading=\"lazy\" decoding=\"async\" class=\"alignnone size-full wp-image-1340 aligncenter\" src=\"http:\/\/xehopdonglientinh247.com\/wp-content\/uploads\/2025\/08\/bang-gia-114.png\" alt=\"\" width=\"719\" height=\"316\" \/><\/p>\n","protected":false},"excerpt":{"rendered":"","protected":false},"author":1,"featured_media":1327,"parent":0,"menu_order":0,"comment_status":"closed","ping_status":"closed","template":"","meta":{"footnotes":""},"yst_prominent_words":[],"class_list":["post-1322","page","type-page","status-publish","has-post-thumbnail","hentry"],"_links":{"self":[{"href":"https:\/\/xehopdonglientinh247.com\/index.php?rest_route=\/wp\/v2\/pages\/1322","targetHints":{"allow":["GET"]}}],"collection":[{"href":"https:\/\/xehopdonglientinh247.com\/index.php?rest_route=\/wp\/v2\/pages"}],"about":[{"href":"https:\/\/xehopdonglientinh247.com\/index.php?rest_route=\/wp\/v2\/types\/page"}],"author":[{"embeddable":true,"href":"https:\/\/xehopdonglientinh247.com\/index.php?rest_route=\/wp\/v2\/users\/1"}],"replies":[{"embeddable":true,"href":"https:\/\/xehopdonglientinh247.com\/index.php?rest_route=%2Fwp%2Fv2%2Fcomments&post=1322"}],"version-history":[{"count":4,"href":"https:\/\/xehopdonglientinh247.com\/index.php?rest_route=\/wp\/v2\/pages\/1322\/revisions"}],"predecessor-version":[{"id":1421,"href":"https:\/\/xehopdonglientinh247.com\/index.php?rest_route=\/wp\/v2\/pages\/1322\/revisions\/1421"}],"wp:featuredmedia":[{"embeddable":true,"href":"https:\/\/xehopdonglientinh247.com\/index.php?rest_route=\/wp\/v2\/media\/1327"}],"wp:attachment":[{"href":"https:\/\/xehopdonglientinh247.com\/index.php?rest_route=%2Fwp%2Fv2%2Fmedia&parent=1322"}],"wp:term":[{"taxonomy":"yst_prominent_words","embeddable":true,"href":"https:\/\/xehopdonglientinh247.com\/index.php?rest_route=%2Fwp%2Fv2%2Fyst_prominent_words&post=1322"}],"curies":[{"name":"wp","href":"https:\/\/api.w.org\/{rel}","templated":true}]}}